{"id":195,"date":"2015-10-26T13:10:58","date_gmt":"2015-10-26T13:10:58","guid":{"rendered":"http:\/\/test.kriesi.at\/product-signup\/?page_id=2"},"modified":"2024-06-10T07:40:04","modified_gmt":"2024-06-10T07:40:04","slug":"landing-page","status":"publish","type":"page","link":"https:\/\/ozamanyaz.com\/","title":{"rendered":"Landing Page"},"content":{"rendered":"\n<style type=\"text\/css\" data-created_by=\"avia_inline_auto\" id=\"style-css-av-chrdt7-db4155a61d791083893bd6592e649835\">\n.avia-section.av-chrdt7-db4155a61d791083893bd6592e649835{\nbackground-repeat:no-repeat;\nbackground-image:url(https:\/\/ozamanyaz.com\/wp-content\/uploads\/2024\/03\/main-copy.webp);\nbackground-position:50% 50%;\nbackground-attachment:scroll;\n}\n.avia-section.av-chrdt7-db4155a61d791083893bd6592e649835 .av-section-color-overlay{\nopacity:0.6;\nbackground-color:#ffffff;\n}\n<\/style>\n<div id='sign-up'  class='avia-section av-chrdt7-db4155a61d791083893bd6592e649835 main_color avia-section-default avia-no-shadow  avia-builder-el-0  avia-builder-el-no-sibling  avia-bg-style-scroll av-section-color-overlay-active av-minimum-height av-minimum-height-100 av-height-100  container_wrap fullsize'  data-section-bg-repeat='no-repeat' data-av_minimum_height_pc='100' data-av_min_height_opt='100'><div class=\"av-section-color-overlay-wrap\"><div class=\"av-section-color-overlay\"><\/div><a href='#next-section' title='' class='scroll-down-link ' aria-hidden='true' data-av_icon='\ue877' data-av_iconfont='entypo-fontello'><\/a><div class='container av-section-cont-open' ><main  role=\"main\" itemprop=\"mainContentOfPage\"  class='template-page content  av-content-full alpha units'><div class='post-entry post-entry-type-page post-entry-195'><div class='entry-content-wrapper clearfix'>\n<div  class='flex_column av-mqnln-73c1814bf16d80f7d276b5157e6e2e21 av_one_third  avia-builder-el-1  el_before_av_one_third  avia-builder-el-first  first flex_column_div  '     ><\/div><div  class='flex_column av-g6kdf-4c13c73a74b706c163d9a44b0d106e8a av_one_third  avia-builder-el-2  el_after_av_one_third  el_before_av_one_third  flex_column_div  '     ><p>\n<style type=\"text\/css\" data-created_by=\"avia_inline_auto\" id=\"style-css-av-lx8nit3l-a3864bbd9e221c4b548d30dc0cec3a43\">\n.avia-image-container.av-lx8nit3l-a3864bbd9e221c4b548d30dc0cec3a43 img.avia_image{\nbox-shadow:none;\n}\n.avia-image-container.av-lx8nit3l-a3864bbd9e221c4b548d30dc0cec3a43 .av-image-caption-overlay-center{\ncolor:#ffffff;\n}\n<\/style>\n<div  class='avia-image-container av-lx8nit3l-a3864bbd9e221c4b548d30dc0cec3a43 av-styling- avia-align-center  avia-builder-el-3  el_before_av_hr  avia-builder-el-first '   itemprop=\"image\" itemscope=\"itemscope\" itemtype=\"https:\/\/schema.org\/ImageObject\" ><div class=\"avia-image-container-inner\"><div class=\"avia-image-overlay-wrap\"><img decoding=\"async\" class='wp-image-213 avia-img-lazy-loading-not-213 avia_image ' src=\"https:\/\/ozamanyaz.com\/wp-content\/uploads\/2024\/03\/logo-08-1-300x175.png\" alt='' title='logo--08'  height=\"175\" width=\"300\"  itemprop=\"thumbnailUrl\" srcset=\"https:\/\/ozamanyaz.com\/wp-content\/uploads\/2024\/03\/logo-08-1-300x175.png 300w, https:\/\/ozamanyaz.com\/wp-content\/uploads\/2024\/03\/logo-08-1-768x447.png 768w, https:\/\/ozamanyaz.com\/wp-content\/uploads\/2024\/03\/logo-08-1-705x410.png 705w, https:\/\/ozamanyaz.com\/wp-content\/uploads\/2024\/03\/logo-08-1.png 1015w\" sizes=\"(max-width: 300px) 100vw, 300px\" \/><\/div><\/div><\/div><br \/>\n\n<style type=\"text\/css\" data-created_by=\"avia_inline_auto\" id=\"style-css-av-lx8nt5vj-298e1b37868a201e05b1cf809a7265e0\">\n#top .hr.hr-invisible.av-lx8nt5vj-298e1b37868a201e05b1cf809a7265e0{\nheight:50px;\n}\n<\/style>\n<div  class='hr av-lx8nt5vj-298e1b37868a201e05b1cf809a7265e0 hr-invisible  avia-builder-el-4  el_after_av_image  el_before_av_textblock '><span class='hr-inner '><span class=\"hr-inner-style\"><\/span><\/span><\/div><br \/>\n\n<style type=\"text\/css\" data-created_by=\"avia_inline_auto\" id=\"style-css-av-ltvn3i2e-4821fa12e3f136133e4a8ffdc5df4318\">\n#top .av_textblock_section.av-ltvn3i2e-4821fa12e3f136133e4a8ffdc5df4318 .avia_textblock{\nfont-size:18px;\n}\n<\/style>\n<section  class='av_textblock_section av-ltvn3i2e-4821fa12e3f136133e4a8ffdc5df4318 '   itemscope=\"itemscope\" itemtype=\"https:\/\/schema.org\/CreativeWork\" ><div class='avia_textblock'  itemprop=\"text\" ><h4 style=\"text-align: center;\"><em>&#8220;Bu g\u00fczel g\u00fcnde, sokak k\u00f6\u015fesindeki k\u00fct\u00fcphanenin \u00f6n\u00fcnde k\u0131r\u0131k bir m\u00fcrekkep kalem g\u00f6rd\u00fcm. Onu toplad\u0131m ve i\u00e7imde bir hikaye canland\u0131. Belki de bu kalem, g\u00f6ky\u00fcz\u00fcne yaz\u0131lm\u0131\u015f gelece\u011fimin ilk sat\u0131rlar\u0131yd\u0131.&#8221;<\/em><\/h4>\n<\/div><\/section><br \/>\n\n<style type=\"text\/css\" data-created_by=\"avia_inline_auto\" id=\"style-css-av-av_hr-3a876428eececa9d35452247ddb053af\">\n#top .hr.hr-invisible.av-av_hr-3a876428eececa9d35452247ddb053af{\nheight:50px;\n}\n<\/style>\n<div  class='hr av-av_hr-3a876428eececa9d35452247ddb053af hr-invisible  avia-builder-el-6  el_after_av_textblock  el_before_av_heading '><span class='hr-inner '><span class=\"hr-inner-style\"><\/span><\/span><\/div><br \/>\n\n<style type=\"text\/css\" data-created_by=\"avia_inline_auto\" id=\"style-css-av-lx8npqz6-68cf999abdc5c198965b58e8333d7e5a\">\n#top .av-special-heading.av-lx8npqz6-68cf999abdc5c198965b58e8333d7e5a{\npadding-bottom:10px;\n}\nbody .av-special-heading.av-lx8npqz6-68cf999abdc5c198965b58e8333d7e5a .av-special-heading-tag .heading-char{\nfont-size:25px;\n}\n.av-special-heading.av-lx8npqz6-68cf999abdc5c198965b58e8333d7e5a .av-subheading{\nfont-size:15px;\n}\n<\/style>\n<div  class='av-special-heading av-lx8npqz6-68cf999abdc5c198965b58e8333d7e5a av-special-heading-h1 blockquote modern-quote modern-centered  avia-builder-el-7  el_after_av_hr  el_before_av_hr '><h1 class='av-special-heading-tag'  itemprop=\"headline\"  >YAKINDA BURADA<\/h1><div class=\"special-heading-border\"><div class=\"special-heading-inner-border\"><\/div><\/div><\/div><br \/>\n\n<style type=\"text\/css\" data-created_by=\"avia_inline_auto\" id=\"style-css-av-av_hr-3a876428eececa9d35452247ddb053af\">\n#top .hr.hr-invisible.av-av_hr-3a876428eececa9d35452247ddb053af{\nheight:50px;\n}\n<\/style>\n<div  class='hr av-av_hr-3a876428eececa9d35452247ddb053af hr-invisible  avia-builder-el-8  el_after_av_heading  el_before_av_social_share '><span class='hr-inner '><span class=\"hr-inner-style\"><\/span><\/span><\/div><br \/>\n<div  class='av-social-sharing-box av-lx8nr1vl-f37bf665b91ee405a4d0392bce7535b6 av-social-sharing-box-buttons  avia-builder-el-9  el_after_av_hr  avia-builder-el-last  av-social-sharing-box-color-bg av-social-sharing-box-fullwidth'><div class=\"av-share-box\"><ul class=\"av-share-box-list noLightbox\"><li class='av-share-link av-social-link-instagram' ><a target=\"_blank\" aria-label=\"Link to Instagram\" href='https:\/\/www.instagram.com\/ozaman.yaz' aria-hidden='false' data-av_icon='\uf16d' data-av_iconfont='entypo-fontello' title='' data-avia-related-tooltip='Link to Instagram' rel=\"noopener\"><span class='avia_hidden_link_text'>Link to Instagram<\/span><\/a><\/li><\/ul><\/div><\/div><\/p><\/div><div  class='flex_column av-ax45n-c356f7f769468cde2b441e10ca89e148 av_one_third  avia-builder-el-10  el_after_av_one_third  avia-builder-el-last  flex_column_div  '     ><\/div>\n","protected":false},"excerpt":{"rendered":"","protected":false},"author":1,"featured_media":0,"parent":0,"menu_order":0,"comment_status":"closed","ping_status":"closed","template":"","meta":{"footnotes":""},"class_list":["post-195","page","type-page","status-publish","hentry"],"_links":{"self":[{"href":"https:\/\/ozamanyaz.com\/index.php\/wp-json\/wp\/v2\/pages\/195","targetHints":{"allow":["GET"]}}],"collection":[{"href":"https:\/\/ozamanyaz.com\/index.php\/wp-json\/wp\/v2\/pages"}],"about":[{"href":"https:\/\/ozamanyaz.com\/index.php\/wp-json\/wp\/v2\/types\/page"}],"author":[{"embeddable":true,"href":"https:\/\/ozamanyaz.com\/index.php\/wp-json\/wp\/v2\/users\/1"}],"replies":[{"embeddable":true,"href":"https:\/\/ozamanyaz.com\/index.php\/wp-json\/wp\/v2\/comments?post=195"}],"version-history":[{"count":71,"href":"https:\/\/ozamanyaz.com\/index.php\/wp-json\/wp\/v2\/pages\/195\/revisions"}],"predecessor-version":[{"id":291,"href":"https:\/\/ozamanyaz.com\/index.php\/wp-json\/wp\/v2\/pages\/195\/revisions\/291"}],"wp:attachment":[{"href":"https:\/\/ozamanyaz.com\/index.php\/wp-json\/wp\/v2\/media?parent=195"}],"curies":[{"name":"wp","href":"https:\/\/api.w.org\/{rel}","templated":true}]}}